{"id":402,"date":"2024-11-28T09:02:57","date_gmt":"2024-11-28T14:02:57","guid":{"rendered":"https:\/\/drakoenergydrink.com\/?page_id=402"},"modified":"2024-11-28T09:39:24","modified_gmt":"2024-11-28T14:39:24","slug":"where-to-buy","status":"publish","type":"page","link":"https:\/\/drakoenergydrink.com\/en\/where-to-buy\/","title":{"rendered":"Where to buy"},"content":{"rendered":"\t\t<div data-elementor-type=\"wp-page\" data-elementor-id=\"402\" class=\"elementor elementor-402 elementor-401\" data-elementor-post-type=\"page\">\n\t\t\t\t<div class=\"elementor-element elementor-element-2ef5b1a e-flex e-con-boxed e-con e-parent\" data-id=\"2ef5b1a\" data-element_type=\"container\" data-e-type=\"container\">\n\t\t\t\t\t<div class=\"e-con-inner\">\n\t\t<div class=\"elementor-element elementor-element-6241102 politique_texte e-con-full e-flex e-con e-child\" data-id=\"6241102\" data-element_type=\"container\" data-e-type=\"container\">\n\t\t\t\t<div class=\"elementor-element elementor-element-0a03d26 elementor-widget elementor-widget-heading\" data-id=\"0a03d26\" data-element_type=\"widget\" data-e-type=\"widget\" data-widget_type=\"heading.default\">\n\t\t\t\t<div class=\"elementor-widget-container\">\n\t\t\t\t\t<h1 class=\"elementor-heading-title elementor-size-default\">Where to buy<\/h1>\t\t\t\t<\/div>\n\t\t\t\t<\/div>\n\t\t\t\t<div class=\"elementor-element elementor-element-f202533 elementor-widget elementor-widget-heading\" data-id=\"f202533\" data-element_type=\"widget\" data-e-type=\"widget\" data-widget_type=\"heading.default\">\n\t\t\t\t<div class=\"elementor-widget-container\">\n\t\t\t\t\t<h1 class=\"elementor-heading-title elementor-size-default\">Convenience stores <\/h1>\t\t\t\t<\/div>\n\t\t\t\t<\/div>\n\t\t\t\t<div class=\"elementor-element elementor-element-6c6d3d2 elementor-widget elementor-widget-text-editor\" data-id=\"6c6d3d2\" data-element_type=\"widget\" data-e-type=\"widget\" data-widget_type=\"text-editor.default\">\n\t\t\t\t<div class=\"elementor-widget-container\">\n\t\t\t\t\t\t\t\t\t<ul><li>D\u00e9panneur 315 ; 1798 route 315, L\u2019Ange-Gardien<\/li><li>March\u00e9 Gros Do, 791 rue Georges, Buckingham<\/li><li>O-Dep, 660 Av. Buckingham<\/li><li>O-Dep, 250 rue Papineau, Papineauville<\/li><li>D\u00e9panneur de la Gappe, 255 boul. de la gappe, Gatineau<\/li><li>D\u00e9panneur Supreme, 1827 Saint-Louis, Gatineau<\/li><li>D\u00e9panneur Supreme, 1151 Boul St-Joseph, Gatineau \u2013 Secteur Hull<\/li><li>March\u00e9 G. Isabelle, 166 Saint-R\u00e9dempteur, Gatineau \u2013 secteur Hull<\/li><li>Shell Cantley, 435 Mont\u00e9e de la source<\/li><li>Shell Chelsea, 1711 route 105<\/li><\/ul>\t\t\t\t\t\t\t\t<\/div>\n\t\t\t\t<\/div>\n\t\t\t\t<div class=\"elementor-element elementor-element-460fafb elementor-widget elementor-widget-heading\" data-id=\"460fafb\" data-element_type=\"widget\" data-e-type=\"widget\" data-widget_type=\"heading.default\">\n\t\t\t\t<div class=\"elementor-widget-container\">\n\t\t\t\t\t<h1 class=\"elementor-heading-title elementor-size-default\">Grocery stores<\/h1>\t\t\t\t<\/div>\n\t\t\t\t<\/div>\n\t\t\t\t<div class=\"elementor-element elementor-element-71b292b elementor-widget elementor-widget-text-editor\" data-id=\"71b292b\" data-element_type=\"widget\" data-e-type=\"widget\" data-widget_type=\"text-editor.default\">\n\t\t\t\t<div class=\"elementor-widget-container\">\n\t\t\t\t\t\t\t\t\t<ul><li>IGA De Cotret Brazeau,\u00a0 1205 rue de Neuville<\/li><li>IGA Grenier \u2013 Fortin,\u00a0 1248 boul la V\u00e9rendrye Est<\/li><li>IGA Grenier \u2013 Fortin,\u00a0 \u00a0112 rue Georges<\/li><li>IGA Famille Charles, 455 Mt\u00e9e de la source<\/li><li>IGA Famille Charles, 455 Boulevard Gr\u00e9ber<\/li><li>IGA Famille Charles, 1703 rte 105 \u00e0 Chelsea<\/li><li>Metro Kelly, 910 Maloney Est<\/li><li>Metro Kelly, 799 Wilfrid-Lavigne<\/li><\/ul>\t\t\t\t\t\t\t\t<\/div>\n\t\t\t\t<\/div>\n\t\t\t\t<\/div>\n\t\t\t\t\t<\/div>\n\t\t\t\t<\/div>\n\t\t\t\t<\/div>\n\t\t","protected":false},"excerpt":{"rendered":"<p>Where to buy Convenience stores D\u00e9panneur 315 ; 1798 route 315, L\u2019Ange-Gardien March\u00e9 Gros Do, 791 rue Georges, Buckingham O-Dep, 660 Av. Buckingham O-Dep, 250 rue Papineau, Papineauville D\u00e9panneur de la Gappe, 255 boul. de la gappe, Gatineau D\u00e9panneur Supreme, 1827 Saint-Louis, Gatineau D\u00e9panneur Supreme, 1151 Boul St-Joseph, Gatineau \u2013 Secteur Hull March\u00e9 G. Isabelle, [&hellip;]<\/p>\n","protected":false},"author":1,"featured_media":0,"parent":0,"menu_order":0,"comment_status":"closed","ping_status":"closed","template":"","meta":{"_seopress_robots_primary_cat":"","_seopress_titles_title":"Drako | Energy Drink - Retail Locations","_seopress_titles_desc":"Drako, the local and accessible energy drink, is available in grocery stores and convenience stores throughout your neighborhood.","_seopress_robots_index":"yes","inline_featured_image":false,"footnotes":""},"class_list":["post-402","page","type-page","status-publish","hentry"],"_links":{"self":[{"href":"https:\/\/drakoenergydrink.com\/en\/wp-json\/wp\/v2\/pages\/402","targetHints":{"allow":["GET"]}}],"collection":[{"href":"https:\/\/drakoenergydrink.com\/en\/wp-json\/wp\/v2\/pages"}],"about":[{"href":"https:\/\/drakoenergydrink.com\/en\/wp-json\/wp\/v2\/types\/page"}],"author":[{"embeddable":true,"href":"https:\/\/drakoenergydrink.com\/en\/wp-json\/wp\/v2\/users\/1"}],"replies":[{"embeddable":true,"href":"https:\/\/drakoenergydrink.com\/en\/wp-json\/wp\/v2\/comments?post=402"}],"version-history":[{"count":5,"href":"https:\/\/drakoenergydrink.com\/en\/wp-json\/wp\/v2\/pages\/402\/revisions"}],"predecessor-version":[{"id":426,"href":"https:\/\/drakoenergydrink.com\/en\/wp-json\/wp\/v2\/pages\/402\/revisions\/426"}],"wp:attachment":[{"href":"https:\/\/drakoenergydrink.com\/en\/wp-json\/wp\/v2\/media?parent=402"}],"curies":[{"name":"wp","href":"https:\/\/api.w.org\/{rel}","templated":true}]}}